{"id":3798,"date":"2021-04-04T23:47:25","date_gmt":"2021-04-05T03:47:25","guid":{"rendered":"https:\/\/labouffesante.ca\/?page_id=3798"},"modified":"2021-08-25T23:14:29","modified_gmt":"2021-08-26T03:14:29","slug":"privacy-policy","status":"publish","type":"page","link":"https:\/\/labouffesante.ca\/en\/privacy-policy\/","title":{"rendered":"Privacy Policy"},"content":{"rendered":"<div data-elementor-type=\"wp-page\" data-elementor-id=\"3798\" class=\"elementor elementor-3798\">\n\t\t\t\t\t\t<section class=\"elementor-section elementor-top-section elementor-element elementor-element-2e711cfd elementor-section-boxed elementor-section-height-default elementor-section-height-default\" data-id=\"2e711cfd\" data-element_type=\"section\" data-e-type=\"section\">\n\t\t\t\t\t\t<div class=\"elementor-container elementor-column-gap-default\">\n\t\t\t\t\t<div class=\"elementor-column elementor-col-100 elementor-top-column elementor-element elementor-element-7d3d0ec5\" data-id=\"7d3d0ec5\" data-element_type=\"column\" data-e-type=\"column\">\n\t\t\t<div class=\"elementor-widget-wrap elementor-element-populated\">\n\t\t\t\t\t\t<div class=\"elementor-element elementor-element-30bcdfdc elementor-widget elementor-widget-text-editor\" data-id=\"30bcdfdc\" data-element_type=\"widget\" data-e-type=\"widget\" data-widget_type=\"text-editor.default\">\n\t\t\t\t<div class=\"elementor-widget-container\">\n\t\t\t\t\t\t\t\t\t<p><\/p>\n<h2 class=\"wp-block-heading\">Who we are<\/h2>\n<p>Our website address is: labouffesante.ca.<\/p>\n<p>\u00a0<\/p>\n<p><\/p>\n<p><\/p>\n<h2 class=\"wp-block-heading\">Cookies<\/h2>\n<p>If you visit our login page, we will set a temporary cookie to determine if your browser accepts cookies. This cookie contains no personal data and is discarded when you close your browser.<\/p>\n<p><br \/>When you log in, we will also set up several cookies to save your login information and your screen display choices. Login cookies last for two days, and screen options cookies last for a year. If you select \"Remember Me\", your login will persist for two weeks. If you log out of your account, the login cookies will be removed. <\/p>\n<p>\u00a0<\/p>\n<p><\/p>\n<p><\/p>\n<h2 class=\"wp-block-heading\"><strong>Who we share your data with<\/strong><\/h2>\n<p>If you request a password reset, your IP address will be included in the reset email.<\/p>\n<p>\u00a0<\/p>\n<p><\/p>\n<p><\/p>\n<h2 class=\"wp-block-heading\"><strong>How long we retain your data<\/strong><\/h2>\n<p>For users that register on our website (if any), we also store the personal information they provide in their user profile. All users can see, edit, or delete their personal information at any time (except they cannot change their username). Website administrators can also see and edit that information.<\/p>\n<p><\/p>\t\t\t\t\t\t\t\t<\/div>\n\t\t\t\t<\/div>\n\t\t\t\t\t<\/div>\n\t\t<\/div>\n\t\t\t\t\t<\/div>\n\t\t<\/section>\n\t\t\t\t<\/div>","protected":false},"excerpt":{"rendered":"<p>Qui nous sommes L\u2019adresse de notre site Web est: labouffesante.ca. \u00a0 T\u00e9moins (cookies) Si vous visitez notre page de connexion, nous installerons un t\u00e9moin temporaire pour d\u00e9terminer si votre navigateur accepte les t\u00e9moins. Ce t\u00e9moin ne contient aucune donn\u00e9e personnelle et est supprim\u00e9 lorsque vous fermez votre navigateur. Lorsque vous vous connectez, nous configurons \u00e9galement [&hellip;]<\/p>\n","protected":false},"author":1,"featured_media":0,"parent":0,"menu_order":0,"comment_status":"closed","ping_status":"closed","template":"","meta":{"site-sidebar-layout":"default","site-content-layout":"default","ast-site-content-layout":"default","site-content-style":"default","site-sidebar-style":"default","ast-global-header-display":"","ast-banner-title-visibility":"","ast-main-header-display":"","ast-hfb-above-header-display":"","ast-hfb-below-header-display":"","ast-hfb-mobile-header-display":"","site-post-title":"","ast-breadcrumbs-content":"","ast-featured-img":"","footer-sml-layout":"","ast-disable-related-posts":"","theme-transparent-header-meta":"default","adv-header-id-meta":"","stick-header-meta":"","header-above-stick-meta":"","header-main-stick-meta":"","header-below-stick-meta":"","astra-migrate-meta-layouts":"default","ast-page-background-enabled":"default","ast-page-background-meta":{"desktop":{"background-color":"","background-image":"","background-repeat":"repeat","background-position":"center center","background-size":"auto","background-attachment":"scroll","background-type":"","background-media":"","overlay-type":"","overlay-color":"","overlay-opacity":"","overlay-gradient":""},"tablet":{"background-color":"","background-image":"","background-repeat":"repeat","background-position":"center center","background-size":"auto","background-attachment":"scroll","background-type":"","background-media":"","overlay-type":"","overlay-color":"","overlay-opacity":"","overlay-gradient":""},"mobile":{"background-color":"","background-image":"","background-repeat":"repeat","background-position":"center center","background-size":"auto","background-attachment":"scroll","background-type":"","background-media":"","overlay-type":"","overlay-color":"","overlay-opacity":"","overlay-gradient":""}},"ast-content-background-meta":{"desktop":{"background-color":"var(--ast-global-color-5)","background-image":"","background-repeat":"repeat","background-position":"center center","background-size":"auto","background-attachment":"scroll","background-type":"","background-media":"","overlay-type":"","overlay-color":"","overlay-opacity":"","overlay-gradient":""},"tablet":{"background-color":"var(--ast-global-color-5)","background-image":"","background-repeat":"repeat","background-position":"center center","background-size":"auto","background-attachment":"scroll","background-type":"","background-media":"","overlay-type":"","overlay-color":"","overlay-opacity":"","overlay-gradient":""},"mobile":{"background-color":"var(--ast-global-color-5)","background-image":"","background-repeat":"repeat","background-position":"center center","background-size":"auto","background-attachment":"scroll","background-type":"","background-media":"","overlay-type":"","overlay-color":"","overlay-opacity":"","overlay-gradient":""}},"footnotes":""},"class_list":["post-3798","page","type-page","status-publish","hentry"],"yoast_head":"<!-- This site is optimized with the Yoast SEO plugin v27.1.1 - https:\/\/yoast.com\/product\/yoast-seo-wordpress\/ -->\n<title>Politique de confidentialit\u00e9 - La Bouffe Sant\u00e9<\/title>\n<meta name=\"robots\" content=\"noindex, follow\" \/>\n<meta property=\"og:locale\" content=\"en_US\" \/>\n<meta property=\"og:type\" content=\"article\" \/>\n<meta property=\"og:title\" content=\"Politique de confidentialit\u00e9 - La Bouffe Sant\u00e9\" \/>\n<meta property=\"og:description\" content=\"Qui nous sommes L\u2019adresse de notre site Web est: labouffesante.ca. \u00a0 T\u00e9moins (cookies) Si vous visitez notre page de connexion, nous installerons un t\u00e9moin temporaire pour d\u00e9terminer si votre navigateur accepte les t\u00e9moins. Ce t\u00e9moin ne contient aucune donn\u00e9e personnelle et est supprim\u00e9 lorsque vous fermez votre navigateur. Lorsque vous vous connectez, nous configurons \u00e9galement [&hellip;]\" \/>\n<meta property=\"og:url\" content=\"https:\/\/labouffesante.ca\/en\/privacy-policy\/\" \/>\n<meta property=\"og:site_name\" content=\"La Bouffe Sant\u00e9\" \/>\n<meta property=\"article:modified_time\" content=\"2021-08-26T03:14:29+00:00\" \/>\n<meta name=\"twitter:card\" content=\"summary_large_image\" \/>\n<meta name=\"twitter:label1\" content=\"Est. reading time\" \/>\n\t<meta name=\"twitter:data1\" content=\"1 minute\" \/>\n<script type=\"application\/ld+json\" class=\"yoast-schema-graph\">{\"@context\":\"https:\/\/schema.org\",\"@graph\":[{\"@type\":\"WebPage\",\"@id\":\"https:\/\/labouffesante.ca\/en\/privacy-policy\/\",\"url\":\"https:\/\/labouffesante.ca\/en\/privacy-policy\/\",\"name\":\"Politique de confidentialit\u00e9 - La Bouffe Sant\u00e9\",\"isPartOf\":{\"@id\":\"https:\/\/labouffesante.ca\/en\/#website\"},\"datePublished\":\"2021-04-05T03:47:25+00:00\",\"dateModified\":\"2021-08-26T03:14:29+00:00\",\"breadcrumb\":{\"@id\":\"https:\/\/labouffesante.ca\/en\/privacy-policy\/#breadcrumb\"},\"inLanguage\":\"en-US\",\"potentialAction\":[{\"@type\":\"ReadAction\",\"target\":[\"https:\/\/labouffesante.ca\/en\/privacy-policy\/\"]}]},{\"@type\":\"BreadcrumbList\",\"@id\":\"https:\/\/labouffesante.ca\/en\/privacy-policy\/#breadcrumb\",\"itemListElement\":[{\"@type\":\"ListItem\",\"position\":1,\"name\":\"Home\",\"item\":\"https:\/\/labouffesante.ca\/\"},{\"@type\":\"ListItem\",\"position\":2,\"name\":\"Politique de confidentialit\u00e9\"}]},{\"@type\":\"WebSite\",\"@id\":\"https:\/\/labouffesante.ca\/en\/#website\",\"url\":\"https:\/\/labouffesante.ca\/en\/\",\"name\":\"La Bouffe Sant\u00e9\",\"description\":\"Traiteur scolaire\",\"publisher\":{\"@id\":\"https:\/\/labouffesante.ca\/en\/#organization\"},\"potentialAction\":[{\"@type\":\"SearchAction\",\"target\":{\"@type\":\"EntryPoint\",\"urlTemplate\":\"https:\/\/labouffesante.ca\/en\/?s={search_term_string}\"},\"query-input\":{\"@type\":\"PropertyValueSpecification\",\"valueRequired\":true,\"valueName\":\"search_term_string\"}}],\"inLanguage\":\"en-US\"},{\"@type\":\"Organization\",\"@id\":\"https:\/\/labouffesante.ca\/en\/#organization\",\"name\":\"La Bouffe Sant\u00e9\",\"url\":\"https:\/\/labouffesante.ca\/en\/\",\"logo\":{\"@type\":\"ImageObject\",\"inLanguage\":\"en-US\",\"@id\":\"https:\/\/labouffesante.ca\/en\/#\/schema\/logo\/image\/\",\"url\":\"https:\/\/labouffesante.ca\/wp-content\/uploads\/2021\/03\/cropped-Logo-Big.png\",\"contentUrl\":\"https:\/\/labouffesante.ca\/wp-content\/uploads\/2021\/03\/cropped-Logo-Big.png\",\"width\":534,\"height\":531,\"caption\":\"La Bouffe Sant\u00e9\"},\"image\":{\"@id\":\"https:\/\/labouffesante.ca\/en\/#\/schema\/logo\/image\/\"}}]}<\/script>\n<!-- \/ Yoast SEO plugin. -->","yoast_head_json":{"title":"Politique de confidentialit\u00e9 - La Bouffe Sant\u00e9","robots":{"index":"noindex","follow":"follow"},"og_locale":"en_US","og_type":"article","og_title":"Politique de confidentialit\u00e9 - La Bouffe Sant\u00e9","og_description":"Qui nous sommes L\u2019adresse de notre site Web est: labouffesante.ca. \u00a0 T\u00e9moins (cookies) Si vous visitez notre page de connexion, nous installerons un t\u00e9moin temporaire pour d\u00e9terminer si votre navigateur accepte les t\u00e9moins. Ce t\u00e9moin ne contient aucune donn\u00e9e personnelle et est supprim\u00e9 lorsque vous fermez votre navigateur. Lorsque vous vous connectez, nous configurons \u00e9galement [&hellip;]","og_url":"https:\/\/labouffesante.ca\/en\/privacy-policy\/","og_site_name":"La Bouffe Sant\u00e9","article_modified_time":"2021-08-26T03:14:29+00:00","twitter_card":"summary_large_image","twitter_misc":{"Est. reading time":"1 minute"},"schema":{"@context":"https:\/\/schema.org","@graph":[{"@type":"WebPage","@id":"https:\/\/labouffesante.ca\/en\/privacy-policy\/","url":"https:\/\/labouffesante.ca\/en\/privacy-policy\/","name":"Politique de confidentialit\u00e9 - La Bouffe Sant\u00e9","isPartOf":{"@id":"https:\/\/labouffesante.ca\/en\/#website"},"datePublished":"2021-04-05T03:47:25+00:00","dateModified":"2021-08-26T03:14:29+00:00","breadcrumb":{"@id":"https:\/\/labouffesante.ca\/en\/privacy-policy\/#breadcrumb"},"inLanguage":"en-US","potentialAction":[{"@type":"ReadAction","target":["https:\/\/labouffesante.ca\/en\/privacy-policy\/"]}]},{"@type":"BreadcrumbList","@id":"https:\/\/labouffesante.ca\/en\/privacy-policy\/#breadcrumb","itemListElement":[{"@type":"ListItem","position":1,"name":"Home","item":"https:\/\/labouffesante.ca\/"},{"@type":"ListItem","position":2,"name":"Politique de confidentialit\u00e9"}]},{"@type":"WebSite","@id":"https:\/\/labouffesante.ca\/en\/#website","url":"https:\/\/labouffesante.ca\/en\/","name":"La Bouffe Sant\u00e9","description":"Traiteur scolaire","publisher":{"@id":"https:\/\/labouffesante.ca\/en\/#organization"},"potentialAction":[{"@type":"SearchAction","target":{"@type":"EntryPoint","urlTemplate":"https:\/\/labouffesante.ca\/en\/?s={search_term_string}"},"query-input":{"@type":"PropertyValueSpecification","valueRequired":true,"valueName":"search_term_string"}}],"inLanguage":"en-US"},{"@type":"Organization","@id":"https:\/\/labouffesante.ca\/en\/#organization","name":"La Bouffe Sant\u00e9","url":"https:\/\/labouffesante.ca\/en\/","logo":{"@type":"ImageObject","inLanguage":"en-US","@id":"https:\/\/labouffesante.ca\/en\/#\/schema\/logo\/image\/","url":"https:\/\/labouffesante.ca\/wp-content\/uploads\/2021\/03\/cropped-Logo-Big.png","contentUrl":"https:\/\/labouffesante.ca\/wp-content\/uploads\/2021\/03\/cropped-Logo-Big.png","width":534,"height":531,"caption":"La Bouffe Sant\u00e9"},"image":{"@id":"https:\/\/labouffesante.ca\/en\/#\/schema\/logo\/image\/"}}]}},"_links":{"self":[{"href":"https:\/\/labouffesante.ca\/en\/wp-json\/wp\/v2\/pages\/3798","targetHints":{"allow":["GET"]}}],"collection":[{"href":"https:\/\/labouffesante.ca\/en\/wp-json\/wp\/v2\/pages"}],"about":[{"href":"https:\/\/labouffesante.ca\/en\/wp-json\/wp\/v2\/types\/page"}],"author":[{"embeddable":true,"href":"https:\/\/labouffesante.ca\/en\/wp-json\/wp\/v2\/users\/1"}],"replies":[{"embeddable":true,"href":"https:\/\/labouffesante.ca\/en\/wp-json\/wp\/v2\/comments?post=3798"}],"version-history":[{"count":12,"href":"https:\/\/labouffesante.ca\/en\/wp-json\/wp\/v2\/pages\/3798\/revisions"}],"predecessor-version":[{"id":4949,"href":"https:\/\/labouffesante.ca\/en\/wp-json\/wp\/v2\/pages\/3798\/revisions\/4949"}],"wp:attachment":[{"href":"https:\/\/labouffesante.ca\/en\/wp-json\/wp\/v2\/media?parent=3798"}],"curies":[{"name":"wp","href":"https:\/\/api.w.org\/{rel}","templated":true}]}}