{"id":1168,"date":"2021-03-04T22:19:00","date_gmt":"2021-03-05T03:19:00","guid":{"rendered":"https:\/\/labouffesante.ca\/?page_id=1168"},"modified":"2021-08-29T21:49:31","modified_gmt":"2021-08-30T01:49:31","slug":"contact_fr","status":"publish","type":"page","link":"https:\/\/labouffesante.ca\/en\/contact_fr\/","title":{"rendered":"contact us"},"content":{"rendered":"\t\t<div data-elementor-type=\"wp-page\" data-elementor-id=\"1168\" class=\"elementor elementor-1168\">\n\t\t\t\t\t\t<section class=\"elementor-section elementor-top-section elementor-element elementor-element-49b0eed elementor-section-content-middle elementor-reverse-tablet elementor-reverse-mobile elementor-section-boxed elementor-section-height-default elementor-section-height-default\" data-id=\"49b0eed\" data-element_type=\"section\" data-e-type=\"section\" data-settings=\"{&quot;background_background&quot;:&quot;classic&quot;}\">\n\t\t\t\t\t\t\t<div class=\"elementor-background-overlay\"><\/div>\n\t\t\t\t\t\t\t<div class=\"elementor-container elementor-column-gap-no\">\n\t\t\t\t\t<div class=\"elementor-column elementor-col-100 elementor-top-column elementor-element elementor-element-a5346cc\" data-id=\"a5346cc\" data-element_type=\"column\" data-e-type=\"column\">\n\t\t\t<div class=\"elementor-widget-wrap elementor-element-populated\">\n\t\t\t\t\t\t\t<\/div>\n\t\t<\/div>\n\t\t\t\t\t<\/div>\n\t\t<\/section>\n\t\t\t\t<section class=\"elementor-section elementor-top-section elementor-element elementor-element-29b02a85 elementor-section-content-top elementor-section-boxed elementor-section-height-default elementor-section-height-default\" data-id=\"29b02a85\" data-element_type=\"section\" data-e-type=\"section\">\n\t\t\t\t\t\t<div class=\"elementor-container elementor-column-gap-no\">\n\t\t\t\t\t<div class=\"elementor-column elementor-col-50 elementor-top-column elementor-element elementor-element-30c96c92\" data-id=\"30c96c92\" data-element_type=\"column\" data-e-type=\"column\">\n\t\t\t<div class=\"elementor-widget-wrap elementor-element-populated\">\n\t\t\t\t\t\t<div class=\"elementor-element elementor-element-797852d1 elementor-widget elementor-widget-heading\" data-id=\"797852d1\" data-element_type=\"widget\" data-e-type=\"widget\" data-widget_type=\"heading.default\">\n\t\t\t\t<div class=\"elementor-widget-container\">\n\t\t\t\t\t<h3 class=\"elementor-heading-title elementor-size-default\">Contactez-nous par t\u00e9l\u00e9phone<\/h3>\t\t\t\t<\/div>\n\t\t\t\t<\/div>\n\t\t\t\t<div class=\"elementor-element elementor-element-742fde44 elementor-icon-list--layout-traditional elementor-list-item-link-full_width elementor-widget elementor-widget-icon-list\" data-id=\"742fde44\" data-element_type=\"widget\" data-e-type=\"widget\" data-widget_type=\"icon-list.default\">\n\t\t\t\t<div class=\"elementor-widget-container\">\n\t\t\t\t\t\t\t<ul class=\"elementor-icon-list-items\">\n\t\t\t\t\t\t\t<li class=\"elementor-icon-list-item\">\n\t\t\t\t\t\t\t\t\t\t\t<a href=\"tel:(123)%20456%207890\">\n\n\t\t\t\t\t\t\t\t\t\t\t\t<span class=\"elementor-icon-list-icon\">\n\t\t\t\t\t\t\t<i aria-hidden=\"true\" class=\"fas fa-phone-square\"><\/i>\t\t\t\t\t\t<\/span>\n\t\t\t\t\t\t\t\t\t\t<span class=\"elementor-icon-list-text\">514-915-3956<\/span>\n\t\t\t\t\t\t\t\t\t\t\t<\/a>\n\t\t\t\t\t\t\t\t\t<\/li>\n\t\t\t\t\t\t<\/ul>\n\t\t\t\t\t\t<\/div>\n\t\t\t\t<\/div>\n\t\t\t\t<div class=\"elementor-element elementor-element-ff1c11b elementor-widget elementor-widget-heading\" data-id=\"ff1c11b\" data-element_type=\"widget\" data-e-type=\"widget\" data-widget_type=\"heading.default\">\n\t\t\t\t<div class=\"elementor-widget-container\">\n\t\t\t\t\t<h3 class=\"elementor-heading-title elementor-size-default\">Contactez-nous par courriel<\/h3>\t\t\t\t<\/div>\n\t\t\t\t<\/div>\n\t\t\t\t<div class=\"elementor-element elementor-element-4e3eee7 elementor-icon-list--layout-traditional elementor-list-item-link-full_width elementor-widget elementor-widget-icon-list\" data-id=\"4e3eee7\" data-element_type=\"widget\" data-e-type=\"widget\" data-widget_type=\"icon-list.default\">\n\t\t\t\t<div class=\"elementor-widget-container\">\n\t\t\t\t\t\t\t<ul class=\"elementor-icon-list-items\">\n\t\t\t\t\t\t\t<li class=\"elementor-icon-list-item\">\n\t\t\t\t\t\t\t\t\t\t\t<a href=\"mailto:labouffesante@yahoo.ca\">\n\n\t\t\t\t\t\t\t\t\t\t\t\t<span class=\"elementor-icon-list-icon\">\n\t\t\t\t\t\t\t<i aria-hidden=\"true\" class=\"far fa-envelope\"><\/i>\t\t\t\t\t\t<\/span>\n\t\t\t\t\t\t\t\t\t\t<span class=\"elementor-icon-list-text\">labouffesante@yahoo.ca<\/span>\n\t\t\t\t\t\t\t\t\t\t\t<\/a>\n\t\t\t\t\t\t\t\t\t<\/li>\n\t\t\t\t\t\t<\/ul>\n\t\t\t\t\t\t<\/div>\n\t\t\t\t<\/div>\n\t\t\t\t\t<\/div>\n\t\t<\/div>\n\t\t\t\t<div class=\"elementor-column elementor-col-50 elementor-top-column elementor-element elementor-element-f174397\" data-id=\"f174397\" data-element_type=\"column\" data-e-type=\"column\">\n\t\t\t<div class=\"elementor-widget-wrap elementor-element-populated\">\n\t\t\t\t\t\t<div class=\"elementor-element elementor-element-ec668b3 elementor-widget elementor-widget-heading\" data-id=\"ec668b3\" data-element_type=\"widget\" data-e-type=\"widget\" data-widget_type=\"heading.default\">\n\t\t\t\t<div class=\"elementor-widget-container\">\n\t\t\t\t\t<h2 class=\"elementor-heading-title elementor-size-default\">\u00c9crivez-nous<\/h2>\t\t\t\t<\/div>\n\t\t\t\t<\/div>\n\t\t\t\t<div class=\"elementor-element elementor-element-6af7d36 elementor-widget elementor-widget-shortcode\" data-id=\"6af7d36\" data-element_type=\"widget\" data-e-type=\"widget\" data-widget_type=\"shortcode.default\">\n\t\t\t\t<div class=\"elementor-widget-container\">\n\t\t\t\t\t\t\t<div class=\"elementor-shortcode\"><div class=\"wpforms-container \" id=\"wpforms-1179\"><form id=\"wpforms-form-1179\" class=\"wpforms-validate wpforms-form\" data-formid=\"1179\" method=\"post\" enctype=\"multipart\/form-data\" action=\"\/en\/wp-json\/wp\/v2\/pages\/1168\" data-token=\"7610ff1bfb881340fdf841df26f4d529\" data-token-time=\"1776447446\"><noscript class=\"wpforms-error-noscript\">Please enable JavaScript in your browser to complete this form.<\/noscript><div class=\"wpforms-field-container\"><div id=\"wpforms-1179-field_7-container\" class=\"wpforms-field wpforms-field-text\" data-field-id=\"7\"><label class=\"wpforms-field-label wpforms-label-hide\" for=\"wpforms-1179-field_7\">Pr\u00e9nom <span class=\"wpforms-required-label\">*<\/span><\/label><input type=\"text\" id=\"wpforms-1179-field_7\" class=\"wpforms-field-large wpforms-field-required\" name=\"wpforms[fields][7]\" placeholder=\"Pr\u00e9nom\" required><\/div><div id=\"wpforms-1179-field_10-container\" class=\"wpforms-field wpforms-field-text\" data-field-id=\"10\"><label class=\"wpforms-field-label wpforms-label-hide\" for=\"wpforms-1179-field_10\">T\u00e9l\u00e9phone (copy) <span class=\"wpforms-required-label\">*<\/span><\/label><input type=\"text\" id=\"wpforms-1179-field_10\" class=\"wpforms-field-large wpforms-field-required\" name=\"wpforms[fields][10]\" placeholder=\"Nom\" required><\/div><div id=\"wpforms-1179-field_6-container\" class=\"wpforms-field wpforms-field-text\" data-field-id=\"6\"><label class=\"wpforms-field-label wpforms-label-hide\" for=\"wpforms-1179-field_6\">Nom de l&#039;\u00e9l\u00e8ve <span class=\"wpforms-required-label\">*<\/span><\/label><input type=\"text\" id=\"wpforms-1179-field_6\" class=\"wpforms-field-large wpforms-field-required\" name=\"wpforms[fields][6]\" placeholder=\"Nom de l&#039;\u00e9l\u00e8ve\" required><\/div><div id=\"wpforms-1179-field_9-container\" class=\"wpforms-field wpforms-field-select wpforms-field-select-style-classic\" data-field-id=\"9\"><select id=\"wpforms-1179-field_9\" class=\"wpforms-field-large wpforms-field-required\" name=\"wpforms[fields][9]\" required=\"required\"><option value=\"\" class=\"placeholder\" disabled  selected='selected'>Groupe Classe<\/option><option value=\"P91 \u2013 Cynthia Adelson\"  class=\"choice-1 depth-1\"  >P91 \u2013 Cynthia Adelson<\/option><option value=\"K01 \u2013 Loretta Cianci\"  class=\"choice-2 depth-1\"  >K01 \u2013 Loretta Cianci<\/option><option value=\"K02 \u2013 Christiane Karamanoukian\"  class=\"choice-3 depth-1\"  >K02 \u2013 Christiane Karamanoukian<\/option><option value=\"K03 \u2013 Esther Luceno\"  class=\"choice-4 depth-1\"  >K03 \u2013 Esther Luceno<\/option><option value=\"K04 \u2013 Danielle Hurdle\"  class=\"choice-5 depth-1\"  >K04 \u2013 Danielle Hurdle<\/option><option value=\"E11 \u2013 Suzy Raimundo\"  class=\"choice-6 depth-1\"  >E11 \u2013 Suzy Raimundo<\/option><option value=\"E12 \u2013 Jessica D\u2019Ascanio\"  class=\"choice-7 depth-1\"  >E12 \u2013 Jessica D\u2019Ascanio<\/option><option value=\"E13 \u2013 Valerie Young\"  class=\"choice-8 depth-1\"  >E13 \u2013 Valerie Young<\/option><option value=\"S12 \u2013 Diana Samaan\"  class=\"choice-9 depth-1\"  >S12 \u2013 Diana Samaan<\/option><option value=\"E21 \u2013 \u00c0 confirmer\"  class=\"choice-10 depth-1\"  >E21 \u2013 \u00c0 confirmer<\/option><option value=\"E22 \u2013 Julia Feola\"  class=\"choice-11 depth-1\"  >E22 \u2013 Julia Feola<\/option><option value=\"E23 \u2013 Celina Krenn-Lariv\u00e9e\"  class=\"choice-12 depth-1\"  >E23 \u2013 Celina Krenn-Lariv\u00e9e<\/option><option value=\"E31 \u2013 Amanda Bavaro\"  class=\"choice-23 depth-1\"  >E31 \u2013 Amanda Bavaro<\/option><option value=\"E32 \u2013 Carrie-Ann Novinsky\"  class=\"choice-24 depth-1\"  >E32 \u2013 Carrie-Ann Novinsky<\/option><option value=\"E33 - Arianne Pepin\"  class=\"choice-13 depth-1\"  >E33 - Arianne Pepin<\/option><option value=\"E41 \u2013 Angie Ladas\"  class=\"choice-14 depth-1\"  >E41 \u2013 Angie Ladas<\/option><option value=\"E42 \u2013 Patricia Rubano\"  class=\"choice-15 depth-1\"  >E42 \u2013 Patricia Rubano<\/option><option value=\"E43 \u2013 Raffaella Pacitto\"  class=\"choice-16 depth-1\"  >E43 \u2013 Raffaella Pacitto<\/option><option value=\"E51 \u2013 Charlyne Labelle\"  class=\"choice-17 depth-1\"  >E51 \u2013 Charlyne Labelle<\/option><option value=\"E52 \u2013 Fallon Vechsler\"  class=\"choice-19 depth-1\"  >E52 \u2013 Fallon Vechsler<\/option><option value=\"S56 \u2013 Cynthia Conte\"  class=\"choice-20 depth-1\"  >S56 \u2013 Cynthia Conte<\/option><option value=\"E61 \u2013 Joanne Piazza\"  class=\"choice-21 depth-1\"  >E61 \u2013 Joanne Piazza<\/option><option value=\"E62 \u2013 Alexandra Roy\"  class=\"choice-22 depth-1\"  >E62 \u2013 Alexandra Roy<\/option><\/select><\/div><div id=\"wpforms-1179-field_8-container\" class=\"wpforms-field wpforms-field-text\" data-field-id=\"8\"><label class=\"wpforms-field-label wpforms-label-hide\" for=\"wpforms-1179-field_8\">T\u00e9l\u00e9phone <span class=\"wpforms-required-label\">*<\/span><\/label><input type=\"text\" id=\"wpforms-1179-field_8\" class=\"wpforms-field-large wpforms-field-required\" name=\"wpforms[fields][8]\" placeholder=\"T\u00e9l\u00e9phone\" required><\/div><div id=\"wpforms-1179-field_1-container\" class=\"wpforms-field wpforms-field-email\" data-field-id=\"1\"><label class=\"wpforms-field-label wpforms-label-hide\" for=\"wpforms-1179-field_1\">Adresse courriel <span class=\"wpforms-required-label\">*<\/span><\/label><input type=\"email\" id=\"wpforms-1179-field_1\" class=\"wpforms-field-large wpforms-field-required\" name=\"wpforms[fields][1]\" placeholder=\"Adresse courriel\" spellcheck=\"false\" required><\/div><div id=\"wpforms-1179-field_5-container\" class=\"wpforms-field wpforms-field-textarea\" data-field-id=\"5\"><label class=\"wpforms-field-label wpforms-label-hide\" for=\"wpforms-1179-field_5\">Message<\/label><textarea id=\"wpforms-1179-field_5\" class=\"wpforms-field-medium\" name=\"wpforms[fields][5]\" placeholder=\"Message\" ><\/textarea><\/div><\/div><!-- .wpforms-field-container --><div class=\"wpforms-field wpforms-field-hp\"><label for=\"wpforms-1179-field-hp\" class=\"wpforms-field-label\">Comment<\/label><input type=\"text\" name=\"wpforms[hp]\" id=\"wpforms-1179-field-hp\" class=\"wpforms-field-medium\"><\/div><div class=\"wpforms-recaptcha-container wpforms-is-recaptcha wpforms-is-recaptcha-type-invisible\" ><div class=\"g-recaptcha\" data-sitekey=\"6Lf-psggAAAAAJstG9p259mrd3oVyh6OW4bnbd7-\" data-size=\"invisible\"><\/div><\/div><div class=\"wpforms-submit-container\" ><input type=\"hidden\" name=\"wpforms[id]\" value=\"1179\"><input type=\"hidden\" name=\"page_title\" value=\"\"><input type=\"hidden\" name=\"page_url\" value=\"https:\/\/labouffesante.ca\/en\/wp-json\/wp\/v2\/pages\/1168\"><input type=\"hidden\" name=\"url_referer\" value=\"\"><button type=\"submit\" name=\"wpforms[submit]\" id=\"wpforms-submit-1179\" class=\"wpforms-submit\" data-alt-text=\"Envoi en cours...\" data-submit-text=\"Soumettre\" aria-live=\"assertive\" value=\"wpforms-submit\">Soumettre<\/button><\/div><\/form><\/div>  <!-- .wpforms-container --><\/div>\n\t\t\t\t\t\t<\/div>\n\t\t\t\t<\/div>\n\t\t\t\t\t<\/div>\n\t\t<\/div>\n\t\t\t\t\t<\/div>\n\t\t<\/section>\n\t\t\t\t<\/div>\n\t\t","protected":false},"excerpt":{"rendered":"<p>Contactez-nous par t\u00e9l\u00e9phone 514-915-3956 Contactez-nous par courriel labouffesante@yahoo.ca \u00c9crivez-nous<\/p>","protected":false},"author":1,"featured_media":0,"parent":0,"menu_order":0,"comment_status":"closed","ping_status":"closed","template":"","meta":{"site-sidebar-layout":"no-sidebar","site-content-layout":"page-builder","ast-site-content-layout":"default","site-content-style":"default","site-sidebar-style":"default","ast-global-header-display":"","ast-banner-title-visibility":"","ast-main-header-display":"","ast-hfb-above-header-display":"","ast-hfb-below-header-display":"","ast-hfb-mobile-header-display":"","site-post-title":"disabled","ast-breadcrumbs-content":"","ast-featured-img":"disabled","footer-sml-layout":"","ast-disable-related-posts":"","theme-transparent-header-meta":"enabled","adv-header-id-meta":"","stick-header-meta":"","header-above-stick-meta":"","header-main-stick-meta":"","header-below-stick-meta":"","astra-migrate-meta-layouts":"default","ast-page-background-enabled":"default","ast-page-background-meta":{"desktop":{"background-color":"","background-image":"","background-repeat":"repeat","background-position":"center center","background-size":"auto","background-attachment":"scroll","background-type":"","background-media":"","overlay-type":"","overlay-color":"","overlay-opacity":"","overlay-gradient":""},"tablet":{"background-color":"","background-image":"","background-repeat":"repeat","background-position":"center center","background-size":"auto","background-attachment":"scroll","background-type":"","background-media":"","overlay-type":"","overlay-color":"","overlay-opacity":"","overlay-gradient":""},"mobile":{"background-color":"","background-image":"","background-repeat":"repeat","background-position":"center center","background-size":"auto","background-attachment":"scroll","background-type":"","background-media":"","overlay-type":"","overlay-color":"","overlay-opacity":"","overlay-gradient":""}},"ast-content-background-meta":{"desktop":{"background-color":"var(--ast-global-color-5)","background-image":"","background-repeat":"repeat","background-position":"center center","background-size":"auto","background-attachment":"scroll","background-type":"","background-media":"","overlay-type":"","overlay-color":"","overlay-opacity":"","overlay-gradient":""},"tablet":{"background-color":"var(--ast-global-color-5)","background-image":"","background-repeat":"repeat","background-position":"center center","background-size":"auto","background-attachment":"scroll","background-type":"","background-media":"","overlay-type":"","overlay-color":"","overlay-opacity":"","overlay-gradient":""},"mobile":{"background-color":"var(--ast-global-color-5)","background-image":"","background-repeat":"repeat","background-position":"center center","background-size":"auto","background-attachment":"scroll","background-type":"","background-media":"","overlay-type":"","overlay-color":"","overlay-opacity":"","overlay-gradient":""}},"footnotes":""},"class_list":["post-1168","page","type-page","status-publish","hentry"],"yoast_head":"<!-- This site is optimized with the Yoast SEO plugin v27.1.1 - https:\/\/yoast.com\/product\/yoast-seo-wordpress\/ -->\n<title>Nous joindre - La Bouffe Sant\u00e9<\/title>\n<meta name=\"robots\" content=\"noindex, follow\" \/>\n<meta property=\"og:locale\" content=\"en_US\" \/>\n<meta property=\"og:type\" content=\"article\" \/>\n<meta property=\"og:title\" content=\"Nous joindre - La Bouffe Sant\u00e9\" \/>\n<meta property=\"og:description\" content=\"Contactez-nous par t\u00e9l\u00e9phone 514-915-3956 Contactez-nous par courriel labouffesante@yahoo.ca \u00c9crivez-nous\" \/>\n<meta property=\"og:url\" content=\"https:\/\/labouffesante.ca\/en\/contact_fr\/\" \/>\n<meta property=\"og:site_name\" content=\"La Bouffe Sant\u00e9\" \/>\n<meta property=\"article:modified_time\" content=\"2021-08-30T01:49:31+00:00\" \/>\n<meta name=\"twitter:card\" content=\"summary_large_image\" \/>\n<meta name=\"twitter:label1\" content=\"Est. reading time\" \/>\n\t<meta name=\"twitter:data1\" content=\"1 minute\" \/>\n<script type=\"application\/ld+json\" class=\"yoast-schema-graph\">{\"@context\":\"https:\/\/schema.org\",\"@graph\":[{\"@type\":\"WebPage\",\"@id\":\"https:\/\/labouffesante.ca\/en\/contact_fr\/\",\"url\":\"https:\/\/labouffesante.ca\/en\/contact_fr\/\",\"name\":\"Nous joindre - La Bouffe Sant\u00e9\",\"isPartOf\":{\"@id\":\"https:\/\/labouffesante.ca\/en\/#website\"},\"datePublished\":\"2021-03-05T03:19:00+00:00\",\"dateModified\":\"2021-08-30T01:49:31+00:00\",\"breadcrumb\":{\"@id\":\"https:\/\/labouffesante.ca\/en\/contact_fr\/#breadcrumb\"},\"inLanguage\":\"en-US\",\"potentialAction\":[{\"@type\":\"ReadAction\",\"target\":[\"https:\/\/labouffesante.ca\/en\/contact_fr\/\"]}]},{\"@type\":\"BreadcrumbList\",\"@id\":\"https:\/\/labouffesante.ca\/en\/contact_fr\/#breadcrumb\",\"itemListElement\":[{\"@type\":\"ListItem\",\"position\":1,\"name\":\"Home\",\"item\":\"https:\/\/labouffesante.ca\/\"},{\"@type\":\"ListItem\",\"position\":2,\"name\":\"Nous joindre\"}]},{\"@type\":\"WebSite\",\"@id\":\"https:\/\/labouffesante.ca\/en\/#website\",\"url\":\"https:\/\/labouffesante.ca\/en\/\",\"name\":\"La Bouffe Sant\u00e9\",\"description\":\"Traiteur scolaire\",\"publisher\":{\"@id\":\"https:\/\/labouffesante.ca\/en\/#organization\"},\"potentialAction\":[{\"@type\":\"SearchAction\",\"target\":{\"@type\":\"EntryPoint\",\"urlTemplate\":\"https:\/\/labouffesante.ca\/en\/?s={search_term_string}\"},\"query-input\":{\"@type\":\"PropertyValueSpecification\",\"valueRequired\":true,\"valueName\":\"search_term_string\"}}],\"inLanguage\":\"en-US\"},{\"@type\":\"Organization\",\"@id\":\"https:\/\/labouffesante.ca\/en\/#organization\",\"name\":\"La Bouffe Sant\u00e9\",\"url\":\"https:\/\/labouffesante.ca\/en\/\",\"logo\":{\"@type\":\"ImageObject\",\"inLanguage\":\"en-US\",\"@id\":\"https:\/\/labouffesante.ca\/en\/#\/schema\/logo\/image\/\",\"url\":\"https:\/\/labouffesante.ca\/wp-content\/uploads\/2021\/03\/cropped-Logo-Big.png\",\"contentUrl\":\"https:\/\/labouffesante.ca\/wp-content\/uploads\/2021\/03\/cropped-Logo-Big.png\",\"width\":534,\"height\":531,\"caption\":\"La Bouffe Sant\u00e9\"},\"image\":{\"@id\":\"https:\/\/labouffesante.ca\/en\/#\/schema\/logo\/image\/\"}}]}<\/script>\n<!-- \/ Yoast SEO plugin. -->","yoast_head_json":{"title":"Nous joindre - La Bouffe Sant\u00e9","robots":{"index":"noindex","follow":"follow"},"og_locale":"en_US","og_type":"article","og_title":"Nous joindre - La Bouffe Sant\u00e9","og_description":"Contactez-nous par t\u00e9l\u00e9phone 514-915-3956 Contactez-nous par courriel labouffesante@yahoo.ca \u00c9crivez-nous","og_url":"https:\/\/labouffesante.ca\/en\/contact_fr\/","og_site_name":"La Bouffe Sant\u00e9","article_modified_time":"2021-08-30T01:49:31+00:00","twitter_card":"summary_large_image","twitter_misc":{"Est. reading time":"1 minute"},"schema":{"@context":"https:\/\/schema.org","@graph":[{"@type":"WebPage","@id":"https:\/\/labouffesante.ca\/en\/contact_fr\/","url":"https:\/\/labouffesante.ca\/en\/contact_fr\/","name":"Nous joindre - La Bouffe Sant\u00e9","isPartOf":{"@id":"https:\/\/labouffesante.ca\/en\/#website"},"datePublished":"2021-03-05T03:19:00+00:00","dateModified":"2021-08-30T01:49:31+00:00","breadcrumb":{"@id":"https:\/\/labouffesante.ca\/en\/contact_fr\/#breadcrumb"},"inLanguage":"en-US","potentialAction":[{"@type":"ReadAction","target":["https:\/\/labouffesante.ca\/en\/contact_fr\/"]}]},{"@type":"BreadcrumbList","@id":"https:\/\/labouffesante.ca\/en\/contact_fr\/#breadcrumb","itemListElement":[{"@type":"ListItem","position":1,"name":"Home","item":"https:\/\/labouffesante.ca\/"},{"@type":"ListItem","position":2,"name":"Nous joindre"}]},{"@type":"WebSite","@id":"https:\/\/labouffesante.ca\/en\/#website","url":"https:\/\/labouffesante.ca\/en\/","name":"La Bouffe Sant\u00e9","description":"Traiteur scolaire","publisher":{"@id":"https:\/\/labouffesante.ca\/en\/#organization"},"potentialAction":[{"@type":"SearchAction","target":{"@type":"EntryPoint","urlTemplate":"https:\/\/labouffesante.ca\/en\/?s={search_term_string}"},"query-input":{"@type":"PropertyValueSpecification","valueRequired":true,"valueName":"search_term_string"}}],"inLanguage":"en-US"},{"@type":"Organization","@id":"https:\/\/labouffesante.ca\/en\/#organization","name":"La Bouffe Sant\u00e9","url":"https:\/\/labouffesante.ca\/en\/","logo":{"@type":"ImageObject","inLanguage":"en-US","@id":"https:\/\/labouffesante.ca\/en\/#\/schema\/logo\/image\/","url":"https:\/\/labouffesante.ca\/wp-content\/uploads\/2021\/03\/cropped-Logo-Big.png","contentUrl":"https:\/\/labouffesante.ca\/wp-content\/uploads\/2021\/03\/cropped-Logo-Big.png","width":534,"height":531,"caption":"La Bouffe Sant\u00e9"},"image":{"@id":"https:\/\/labouffesante.ca\/en\/#\/schema\/logo\/image\/"}}]}},"_links":{"self":[{"href":"https:\/\/labouffesante.ca\/en\/wp-json\/wp\/v2\/pages\/1168","targetHints":{"allow":["GET"]}}],"collection":[{"href":"https:\/\/labouffesante.ca\/en\/wp-json\/wp\/v2\/pages"}],"about":[{"href":"https:\/\/labouffesante.ca\/en\/wp-json\/wp\/v2\/types\/page"}],"author":[{"embeddable":true,"href":"https:\/\/labouffesante.ca\/en\/wp-json\/wp\/v2\/users\/1"}],"replies":[{"embeddable":true,"href":"https:\/\/labouffesante.ca\/en\/wp-json\/wp\/v2\/comments?post=1168"}],"version-history":[{"count":52,"href":"https:\/\/labouffesante.ca\/en\/wp-json\/wp\/v2\/pages\/1168\/revisions"}],"predecessor-version":[{"id":5362,"href":"https:\/\/labouffesante.ca\/en\/wp-json\/wp\/v2\/pages\/1168\/revisions\/5362"}],"wp:attachment":[{"href":"https:\/\/labouffesante.ca\/en\/wp-json\/wp\/v2\/media?parent=1168"}],"curies":[{"name":"wp","href":"https:\/\/api.w.org\/{rel}","templated":true}]}}